{"id":1030,"date":"2015-02-18T21:43:07","date_gmt":"2015-02-18T21:43:07","guid":{"rendered":"https:\/\/the-generation-y.com\/longboard\/about\/"},"modified":"2025-10-31T10:28:30","modified_gmt":"2025-10-31T10:28:30","slug":"elerhetoseg","status":"publish","type":"page","link":"http:\/\/longboardoktatas.hu\/?page_id=1030","title":{"rendered":"El\u00e9rhet\u0151s\u00e9g"},"content":{"rendered":"<div id=\"cs-content\" class=\"cs-content\" ><div id=\"x-section-1\" class=\"x-section cs-ta-center\" style=\"margin: 0px;padding: 9% 3%; background-color: #434f5b;\"  ><div class=\"x-container max width\" style=\"margin: 0px auto;padding: 0px;\"  ><div  class=\"x-column x-sm x-1-1\" style=\"padding: 0px;\" ><hr  class=\"x-gap cs-hide-xl cs-hide-lg\" style=\"margin: 50px 0 0 0;\"><h2  class=\"h-custom-headline man h3\" style=\"color: #e4e1d0;\"><span>TANULJ VEL\u00dcNK!<\/span><\/h2><\/div><\/div><div class=\"x-container max width\" style=\"margin: 40px auto 0px;padding: 0px;\"  ><div  class=\"x-column x-sm x-1-3\" style=\"padding: 0px;\" ><h3  class=\"h-custom-headline man h4\" style=\"color: #e4e1d0;\"><span><i  class=\"x-icon x-icon-calendar-o\" style=\"text-align: center;      color: rgba(255, 255, 255, 0.65);\" data-x-icon=\"&#xf133;\" aria-hidden=\"true\"><\/i> MIKOR<\/span><\/h3><div  class=\"x-raw-content mtm\" style=\"color: rgba(255, 255, 255, 0.65);\">\n<p class=\"man\">H\u00e9tk\u00f6znap: 09:00 - 19:00<\/p>\n<p class=\"man\">H\u00e9tv\u00e9g\u00e9n: Z\u00e1rva<\/p>\n<\/div><hr  class=\"x-gap cs-hide-xl cs-hide-lg cs-hide-md\" style=\"margin: 40px 0 0 0;\"><\/div><div  class=\"x-column x-sm x-1-3\" style=\"padding: 0px;\" ><h3  class=\"h-custom-headline man h4\" style=\"color: #e4e1d0;\"><span><i  class=\"x-icon x-icon-map-marker\" style=\"text-align: center;      color: rgba(255, 255, 255, 0.65);\" data-x-icon=\"&#xf041;\" aria-hidden=\"true\"><\/i> HOL<\/span><\/h3><div  class=\"x-raw-content mtm\" style=\"color: rgba(255, 255, 255, 0.65);\">\n<p class=\"man\"><strong> Mogyor\u00f3di \u00fat II. SportComplex<\/strong>\nBudapest, 1147<\/p>\n<\/div><hr  class=\"x-gap cs-hide-xl cs-hide-lg cs-hide-md\" style=\"margin: 40px 0 0 0;\"><\/div><div  class=\"x-column x-sm x-1-3\" style=\"padding: 0px;\" ><h3  class=\"h-custom-headline man h4\" style=\"color: #e4e1d0;\"><span><i  class=\"x-icon x-icon-phone\" style=\"text-align: center;      color: rgba(255, 255, 255, 0.65);\" data-x-icon=\"&#xf095;\" aria-hidden=\"true\"><\/i> HOGYAN<\/span><\/h3><div  class=\"x-raw-content mtm\" style=\"color: rgba(255, 255, 255, 0.65);\">\n<p class=\"man\"><strong> Egyeztet\u00e9s, id\u0151pont foglal\u00e1s<\/strong>\nTel.: +36 (70) 563 2303<\/p>\n<\/div><\/div><\/div><\/div><div id=\"x-section-2\" class=\"x-section\" style=\"margin: 0px;padding: 0px; background-color: transparent;\"  ><div class=\"x-container\" style=\"margin: 0px auto;padding: 0px;\"  ><div  class=\"x-column x-sm x-1-1\" style=\"padding: 0px;\" ><div id=\"map\" class=\"x-map x-google-map man\" data-x-element=\"google_map\" data-x-params=\"{&quot;lat&quot;:&quot;47.519521&quot;,&quot;lng&quot;:&quot;19.1336&quot;,&quot;drag&quot;:true,&quot;zoom&quot;:&quot;14&quot;,&quot;zoomControl&quot;:true,&quot;hue&quot;:&quot;#e8a93c&quot;}\"  ><div class=\"x-map-inner x-google-map-inner\" style=\"padding-bottom: 35%;\"><\/div><div class=\"x-google-map-marker\" style=\"position: absolute; visibility: hidden;\" data-x-element=\"google_map_marker\" data-x-params=\"{&quot;lat&quot;:&quot;47.519521&quot;,&quot;lng&quot;:&quot;19.1336&quot;,&quot;markerInfo&quot;:&quot;Maui - Landy Longboard&quot;,&quot;startOpen&quot;:true}\" ><\/div><\/div><\/div><\/div><\/div><span id=\"x-responsive-text-1\" data-x-element=\"responsive_text\" data-x-params=\"{&quot;selector&quot;:&quot;.h-about&quot;,&quot;compression&quot;:&quot;1.15&quot;,&quot;minFontSize&quot;:&quot;32px&quot;,&quot;maxFontSize&quot;:&quot;48px&quot;}\" ><\/span><span id=\"x-responsive-text-2\" data-x-element=\"responsive_text\" data-x-params=\"{&quot;selector&quot;:&quot;.p-about&quot;,&quot;compression&quot;:&quot;2.65&quot;,&quot;minFontSize&quot;:&quot;16px&quot;,&quot;maxFontSize&quot;:&quot;21px&quot;}\" ><\/span><\/div>\n","protected":false},"excerpt":{"rendered":"","protected":false},"author":1,"featured_media":0,"parent":0,"menu_order":0,"comment_status":"closed","ping_status":"open","template":"template-blank-4.php","meta":[],"_links":{"self":[{"href":"http:\/\/longboardoktatas.hu\/index.php?rest_route=\/wp\/v2\/pages\/1030"}],"collection":[{"href":"http:\/\/longboardoktatas.hu\/index.php?rest_route=\/wp\/v2\/pages"}],"about":[{"href":"http:\/\/longboardoktatas.hu\/index.php?rest_route=\/wp\/v2\/types\/page"}],"author":[{"embeddable":true,"href":"http:\/\/longboardoktatas.hu\/index.php?rest_route=\/wp\/v2\/users\/1"}],"replies":[{"embeddable":true,"href":"http:\/\/longboardoktatas.hu\/index.php?rest_route=%2Fwp%2Fv2%2Fcomments&post=1030"}],"version-history":[{"count":8,"href":"http:\/\/longboardoktatas.hu\/index.php?rest_route=\/wp\/v2\/pages\/1030\/revisions"}],"predecessor-version":[{"id":2737,"href":"http:\/\/longboardoktatas.hu\/index.php?rest_route=\/wp\/v2\/pages\/1030\/revisions\/2737"}],"wp:attachment":[{"href":"http:\/\/longboardoktatas.hu\/index.php?rest_route=%2Fwp%2Fv2%2Fmedia&parent=1030"}],"curies":[{"name":"wp","href":"https:\/\/api.w.org\/{rel}","templated":true}]}}